{"id":11146,"date":"2017-04-18T08:18:13","date_gmt":"2017-04-18T05:18:13","guid":{"rendered":"http:\/\/perfectvenue.es\/?page_id=11146"},"modified":"2022-05-24T17:36:46","modified_gmt":"2022-05-24T14:36:46","slug":"privacy-policy","status":"publish","type":"page","link":"https:\/\/vendors.perfectvenue.es\/es\/privacy-policy\/","title":{"rendered":"Pol\u00edtica de Protecci\u00f3n de Datos"},"content":{"rendered":"<p><\/p>\n<p style=\"text-align: left;\">La presente pol\u00edtica de protecci\u00f3n de datos de car\u00e1cter personal regula el acceso y el uso de los servicios contenidos en el Sitio Web por parte de los Usuarios como titulares de datos susceptibles de protecci\u00f3n, de conformidad con la normativa vigente de protecci\u00f3n de datos de car\u00e1cter personal.<\/p>\n<p style=\"text-align: justify;\">PerfectVenue.es cumple \u00edntegramente con la legislaci\u00f3n vigente en materia de protecci\u00f3n de datos de car\u00e1cter personal, y con los compromisos de confidencialidad propios de su actividad.<\/p>\n<h4 style=\"text-align: justify;\"><a name=\"1\"><\/a>1.\u00a0Responsable del Tratamiento<\/h4>\n<p style=\"text-align: justify;\">Le informamos de que PVF Ventures, S.L. (en adelante, \u201cPerfectVenue.es\u201d), con domicilio en Calle Teruel, 3, 28231, Las Rozas, Madrid (Espa\u00f1a) y direcci\u00f3n de correo electr\u00f3nico\u00a0sales@perfectvenue.es, es el Responsable del Tratamiento de sus datos personales.<\/p>\n<h4><a name=\"2\"><\/a>2.\u00a0PERFECTVENUE.ES como Encargado del Tratamiento<\/h4>\n<p>En relaci\u00f3n a los siguientes servicios y otros que pudieran surgir en un futuro, PerfectVenue.es actuar\u00e1 en calidad de Encargado del Tratamiento:<\/p>\n<ul class=\"list-bullet mt10 mb20\">\n<li class=\"mt5\">Im\u00e1genes publicadas por los Usuarios \u2013 Real Wedding.<\/li>\n<li class=\"mt5\">Datos relativos al c\u00f3nyuge del usuario.<\/li>\n<li class=\"mt5\">Informaci\u00f3n de contacto de profesionales proporcionada por los usuarios en el \u00e1mbito de una opini\u00f3n.<\/li>\n<li class=\"mt5\">Datos de usuarios utilizados por los profesionales en el marco del uso por su parte de las herramientas proporcionadas por PerfectVenue.es.<\/li>\n<\/ul>\n<p style=\"text-align: justify;\">El Responsable del Tratamiento de los datos facilitados en relaci\u00f3n a dichos servicios prestados por PerfectVenue.es ser\u00e1 el propio Usuario consumidor (novio\/novia), quien deber\u00e1 cumplir con la normativa de Protecci\u00f3n de Datos y haber obtenido el consentimiento de los interesados para el tratamiento de sus datos personales, as\u00ed como haber aplicado todas las garant\u00edas necesarias para el tratamiento de datos de car\u00e1cter personal.<\/p>\n<p style=\"text-align: justify;\">El Usuario ser\u00e1 responsable en todo momento de las im\u00e1genes publicadas y los nombres incluidos. Sin perjuicio de ello, PerfectVenue.es se encuentra capacitada para retirar contenido en caso de que \u00e9ste fuera ilegal.<\/p>\n<p style=\"text-align: justify;\">Bodas.net tratar\u00e1 los datos de acuerdo a acuerdos de encargado de tratamiento que contienen las cl\u00e1usulas tipo establecidas por la Comisi\u00f3n Europea.<\/p>\n<h4><a name=\"3\"><\/a>3.\u00a0Categor\u00edas de datos de car\u00e1cter personal tratados<\/h4>\n<p style=\"text-align: justify;\">Los datos de car\u00e1cter personal que ser\u00e1n objeto de tratamiento ser\u00e1n los datos de car\u00e1cter personal que el Usuario haya facilitado a PerfectVenue.es al completar el formulario de registro on-line, a trav\u00e9s de Redes Sociales, a trav\u00e9s del Servicio de Atenci\u00f3n al Cliente o a trav\u00e9s de cualquier otro medio (Chat, tel\u00e9fono, correo electr\u00f3nico).<\/p>\n<p style=\"text-align: justify;\">En el caso de uso de Redes sociales ser\u00e1 de aplicaci\u00f3n la pol\u00edtica de aplicaci\u00f3n prevista en la misma.<\/p>\n<p style=\"text-align: justify;\">Las categor\u00edas de datos de las que PerfectVenue.es podr\u00e1 disponer de datos son:<\/p>\n<p style=\"text-align: justify;\"><strong>Usuarios consumidores (novios\/novias\/invitados\/invitadas):<\/strong><\/p>\n<p class=\"mb0\" style=\"text-align: justify;\">Datos identificativos: Nombre, apellido, imagen, DNI, Usuario en Redes Sociales (Nombre y apellido, en caso de que acceda o interact\u00fae a trav\u00e9s de una Red social).<\/p>\n<p class=\"mb0\" style=\"text-align: justify;\">Datos de contacto: Tel\u00e9fono, e-mail, domicilio, Usuario en Redes Sociales (e-mail, en caso de que acceda o interact\u00fae a trav\u00e9s de una Red Social).<\/p>\n<p class=\"mb0\" style=\"text-align: justify;\">Datos personales: Fecha de nacimiento, lugar de nacimiento, nacionalidad, sexo.<\/p>\n<p style=\"text-align: justify;\">Datos econ\u00f3mico-financieros: Datos bancarios (en caso de que aplique).<\/p>\n<p style=\"text-align: justify;\"><strong>Usuarios profesionales:<\/strong><\/p>\n<p class=\"mb0\" style=\"text-align: justify;\">Datos identificativos: Nombre, apellido.<\/p>\n<p class=\"mb0\" style=\"text-align: justify;\">Datos de contacto corporativos: Tel\u00e9fono, e-mail, domicilio.<\/p>\n<p style=\"text-align: justify;\">Datos comerciales: Actividad y negocio. Datos incluidos en la ficha\/perfil del profesional.<\/p>\n<p style=\"text-align: justify;\">El Usuario consiente que en el momento de registrarse, sus fotograf\u00edas y su perfil de usuario ser\u00e1n visibles p\u00fablicamente para el resto de usuarios en PerfectVenue.es as\u00ed como en los diversos buscadores de Internet.<\/p>\n<p style=\"text-align: justify;\">En caso de que se recaben datos del Usuario a trav\u00e9s de una Red Social, la Pol\u00edtica de Privacidad aplicable ser\u00e1 la correspondiente a la Red Social concreta.<\/p>\n<h4><a name=\"4\"><\/a>4.\u00a0Car\u00e1cter obligatorio o facultativo de la informaci\u00f3n facilitada por el usuario y veracidad de los datos<\/h4>\n<p style=\"text-align: justify;\">Los campos marcados con un asterisco (*) en el formulario de registro a cumplimentar por el Usuario son estrictamente necesarios para atender a su petici\u00f3n, siendo voluntaria la inclusi\u00f3n de datos en los campos restantes.<\/p>\n<p style=\"text-align: justify;\">Asimismo, respecto de los datos facilitados por cualquier otro medio, en el momento de su tratamiento se indicar\u00e1 a los Usuarios la obligatoriedad o no de la aportaci\u00f3n de los mismos.<\/p>\n<p style=\"text-align: justify;\">El Usuario garantiza que los datos personales facilitados a PerfectVenue.es son veraces y est\u00e1n actualizados, y se hace responsable de comunicar cualquier modificaci\u00f3n de los mismos siendo el Usuario el \u00fanico responsable de la inexactitud o falsedad de los datos facilitados y de los perjuicios que pueda causar por ello a PerfectVenue.es o a terceros con motivo de la utilizaci\u00f3n de los servicios ofrecidos por PerfectVenue.es. Asimismo, PerfectVenue.es manifiesta que los datos recabados son los adecuados, pertinentes y no excesivos en relaci\u00f3n con el \u00e1mbito, las finalidades y servicios determinados.<\/p>\n<h4 style=\"text-align: justify;\"><a name=\"5\"><\/a>5.\u00a0Finalidad y legitimaci\u00f3n del tratamiento<\/h4>\n<p style=\"text-align: justify;\">Los datos de los Usuarios facilitados a PerfectVenue.es a trav\u00e9s de cualquier medio, con el fin de que \u00e9sta pueda prestar los servicios demandados por \u00e9stos, son recabados con las siguientes finalidades:<\/p>\n<ul class=\"list-bullet mt10 mb20\">\n<li class=\"mt5\" style=\"text-align: justify;\">Facilitar a los Usuarios la b\u00fasqueda r\u00e1pida y f\u00e1cil de empresas que ofrecen servicios y productos relacionados con el evento boda seg\u00fan la provincia, sector de actividad, tipo de servicio y poblaci\u00f3n.<\/li>\n<li class=\"mt5\" style=\"text-align: justify;\">Publicitar los servicios y productos de empresas relacionados con la celebraci\u00f3n de una boda o otro evento mediante la creaci\u00f3n de una ficha con sus datos de contacto, localizaci\u00f3n, descripci\u00f3n de sus servicios y\/o productos y fotograf\u00edas, en su caso.<\/li>\n<li class=\"mt5\" style=\"text-align: justify;\">Facilitar el contacto, a trav\u00e9s de las solicitudes de informaci\u00f3n v\u00eda email y tel\u00e9fono, entre las empresas que anuncian sus productos o servicios en el Sitio Web y los usuarios interesados en \u00e9stos.<\/li>\n<li class=\"mt5\" style=\"text-align: justify;\">Facilitar a los Usuarios la creaci\u00f3n de una ficha personal que ser\u00e1 accesible al resto de usuarios del Sitio Web.<\/li>\n<li class=\"mt5\" style=\"text-align: justify;\">Facilitar a los usuarios toda la informaci\u00f3n necesaria para la celebraci\u00f3n de su boda o otro evento mediante art\u00edculos y consejos publicados en el Sitio Web.<\/li>\n<li class=\"mt5\" style=\"text-align: justify;\">Creaci\u00f3n y participaci\u00f3n en la Comunidad del Sitio Web, a la que todos los Usuarios, registrados o no, tendr\u00e1n acceso.<\/li>\n<li class=\"mt5\" style=\"text-align: justify;\">Prestaci\u00f3n a los Usuarios del servicio de ayuda en la planificaci\u00f3n de la boda o otrop evento, consistente en la prestaci\u00f3n de asesoramiento y ayuda en la localizaci\u00f3n y selecci\u00f3n de proveedores para la organizaci\u00f3n de la boda; dicho servicio se presta mediante el contacto telef\u00f3nico de PerfectVenue.es con los Usuarios y la remisi\u00f3n de solicitudes de informaci\u00f3n, en nombre de los Usuarios y con su consentimiento expreso, a los proveedores de servicios sugeridos al Usuario.<\/li>\n<li class=\"mt5\" style=\"text-align: justify;\">Mantener una comunicaci\u00f3n fluida y din\u00e1mica con los Usuarios a trav\u00e9s de cualquier medio, incluido a trav\u00e9s de Redes Sociales y medios de mensajer\u00eda instant\u00e1nea. En estos casos, sin perjuicio de la aplicaci\u00f3n de la Pol\u00edtica de Privacidad de PerfectVenue.es, tambi\u00e9n ser\u00e1 de aplicaci\u00f3n la Pol\u00edtica de Privacidad de la Red Social o medio de mensajer\u00eda instant\u00e1nea correspondientes. Recomendamos analice dichas Pol\u00edticas de Privacidad en detalle.<\/li>\n<li class=\"mt5\" style=\"text-align: justify;\">Grabaci\u00f3n de llamadas telef\u00f3nicas por motivos de calidad del servicio y seguimiento de la resoluci\u00f3n de incidencias.<\/li>\n<\/ul>\n<p style=\"text-align: justify;\">PerfectVenue.es est\u00e1 legitimada a tratar los datos de los Usuarios con las finalidades anteriormente mencionadas a fin de poder cumplir con sus obligaciones contractuales como resultado de la solicitud realizada por los Usuarios.<\/p>\n<p style=\"text-align: justify;\">Los datos de los Usuarios facilitados a PerfectVenue.es a trav\u00e9s de cualquier medio tambi\u00e9n ser\u00e1n recabados con las siguientes finalidades:<\/p>\n<ul class=\"list-bullet mt10 mb20\">\n<li class=\"mt5\" style=\"text-align: justify;\">An\u00e1lisis de datos con finalidad formativa y\/o estad\u00edstica. Actividades b\u00e1sicas de an\u00e1lisis de contenido de la informaci\u00f3n facilitada y de elaboraci\u00f3n de perfiles destinada a la adecuada gesti\u00f3n de las actividades y servicios prestados por PerfectVenue.es.<\/li>\n<li class=\"mt5\" style=\"text-align: justify;\">Grabaci\u00f3n de llamadas telef\u00f3nicas por motivos de calidad del servicio y seguimiento de la resoluci\u00f3n de incidencias.<\/li>\n<\/ul>\n<p style=\"text-align: justify;\">PerfectVenue.es est\u00e1 legitimada a tratar los datos de los Usuarios con la finalidad anteriormente mencionada por concurrir un inter\u00e9s leg\u00edtimo de la entidad, expresamente reconocido por la normativa sobre privacidad, para poder prestar correctamente el servicio.<\/p>\n<p>Asimismo, los datos de los Usuarios facilitados a PerfectVenue.es a trav\u00e9s de cualquier medio tambi\u00e9n ser\u00e1n recabados con la siguiente finalidad:<\/p>\n<p style=\"text-align: justify;\">Remisi\u00f3n de comunicaciones electr\u00f3nicas promocionales e informativas sobre servicios prestados por compa\u00f1\u00edas con las que PerfectVenue.es tenga acuerdos comerciales (ello incluye comunicaciones comerciales propias, de Usuarios profesionales y de terceros), asociados con el sector de las bodas y enevtos, y con las necesidades o intereses que los novios pudieran tener durante el proceso de organizaci\u00f3n de dicho evento, dada la naturaleza y objeto de los servicios prestados por PerfectVenue.es. A estos efectos se entiende por productos o servicios del sector de las bodas todos los productos y servicios incluidos en el Sitio Web en el presente y en el futuro, as\u00ed como cualquier producto, servicio o campa\u00f1a espec\u00edficamente destinados a las bodas o otros eventos. Estas comunicaciones electr\u00f3nicas promocionales se remitir\u00e1n durante todo el periodo que dure nuestra relaci\u00f3n e incluso una vez haya terminado siempre y cuando el Usuario no manifieste lo contrario.<\/p>\n<p style=\"text-align: justify;\">PerfectVenue.es establece dos mecanismos mediante los cuales los Usuarios que lo soliciten puedan modificar o eliminar estos servicios de forma sencilla, r\u00e1pida y gratuita: (i) a trav\u00e9s del men\u00fa de usuario, mediante la desactivaci\u00f3n de la opci\u00f3n de env\u00edo en el subapartado de &#8220;Notificaciones&#8221; contenido en el apartado denominado &#8220;Mi Cuenta&#8221; o bien (ii) siguiendo las instrucciones que se indican en el pie del cuerpo de las comunicaciones electr\u00f3nicas.<\/p>\n<p style=\"text-align: justify;\">PerfectVenue.es est\u00e1 legitimada a tratar los datos de los Usuarios con la finalidad anteriormente mencionada, tal y como est\u00e1 expresamente reconocido por la legislaci\u00f3n vigente, (i) en caso de que el Usuario haya prestado su consentimiento y\/o (ii) en caso de que la informaci\u00f3n enviada sea relativa a productos y servicios similares a los que fueron objeto de una venta previa o negociaci\u00f3n, siempre que el Usuario no hubiera optado por dejar de recibir dichas comunicaciones.<\/p>\n<h4><a name=\"6\"><\/a>6.\u00a0Decisiones automatizadas<\/h4>\n<p style=\"text-align: justify;\">PerfectVenue.es no adopta decisiones que puedan afectar al Usuario basadas \u00fanicamente en el tratamiento automatizado de sus datos personales. Todos los procesos de toma de decisiones relacionadas con las finalidades de tratamiento antes descritas se realizan con intervenci\u00f3n humana.<\/p>\n<h4><a name=\"7\"><\/a>7.\u00a0Cesiones a terceros de datos de car\u00e1cter personal<\/h4>\n<p style=\"text-align: justify;\">El Usuario consiente expresamente la cesi\u00f3n de sus datos a otros Usuarios de PerfectVenue.es (profesionales) a quienes se solicita informaci\u00f3n a trav\u00e9s del formulario alojado en el Sitio Web, as\u00ed como a entidades que utilizan los servicios de PerfectVenue.es para encontrar usuarios interesados en \u00e9stos.<\/p>\n<p style=\"text-align: justify;\">Asimismo, sus datos podr\u00e1n ser cedidos a los destinatarios que se indican a continuaci\u00f3n, por los motivos que a continuaci\u00f3n se explican:<\/p>\n<ul class=\"list-bullet mt10 mb20\" style=\"text-align: justify;\">\n<li class=\"mt5\">Administraciones P\u00fablicas: para el cumplimiento de las obligaciones legales a las que PerfectVenue.es est\u00e1 sujeta por su actividad<\/li>\n<li class=\"mt5\">Proveedores que precisen acceder a sus datos para la prestaci\u00f3n de servicios que PerfectVenue.es\u00a0 haya contratado a dichos proveedores, y con los cuales PerfectVenue.es tiene suscritos los contratos de confidencialidad y de tratamiento de datos personales necesarios y exigidos por la normativa para proteger su privacidad.<\/li>\n<\/ul>\n<p style=\"text-align: justify;\">Si en el futuro PerfectVenue.es realizara otras cesiones de datos personales, le informar\u00e1 oportunamente.<\/p>\n<h4><a name=\"8\"><\/a>8.\u00a0Transferencias internacionales de datos de car\u00e1cter personal<\/h4>\n<p style=\"text-align: justify;\">PerfectVenue.es informa que tiene contratados los servicios de proveedores tecnol\u00f3gicos ubicados en pa\u00edses que no disponen de normativa equivalente a la europea (\u201cTerceros Pa\u00edses\u201d). Dichos proveedores han suscrito con PerfectVenue.es los contratos de confidencialidad y tratamiento de datos exigidos por la normativa para proveedores ubicados en Terceros Pa\u00edses, aplicando las garant\u00edas y salvaguardas necesarias para preservar su privacidad.<\/p>\n<p style=\"text-align: justify;\">Para obtener m\u00e1s informaci\u00f3n sobre las garant\u00edas en relaci\u00f3n con las transferencias internacionales de datos personales, puede ponerse en contacto con PerfectVenue.es a trav\u00e9s de la direcci\u00f3n de correo electr\u00f3nico: info@wedding-vendors.perfectvenue.es.<\/p>\n<h4><a name=\"9\"><\/a>9.\u00a0Periodo de conservaci\u00f3n<\/h4>\n<p style=\"text-align: justify;\">Los datos del Usuario se conservar\u00e1n mientras se mantenga su relaci\u00f3n con PerfectVenue.es y, tras la finalizaci\u00f3n de dicha relaci\u00f3n por cualquier causa, durante los plazos de prescripci\u00f3n legales que sean de aplicaci\u00f3n con relaci\u00f3n a las finalidades leg\u00edtimas de tratamiento de sus datos personales.<\/p>\n<p style=\"text-align: justify;\">Tras la finalizaci\u00f3n de la relaci\u00f3n los datos personales ser\u00e1n tratados a los solos efectos de acreditar el cumplimiento de nuestras obligaciones legales o contractuales. Finalizados dichos plazos de prescripci\u00f3n, sus datos ser\u00e1n eliminados o, alternativamente, anonimizados.<\/p>\n<p style=\"text-align: justify;\">Cuando el Usuario solicite la baja del servicio, PerfectVenue.es cursar\u00e1 la misma eliminando las fotos del perfil y los datos identificativos del usuario del Sitio Web (nombre, apellidos y direcci\u00f3n de email) manteni\u00e9ndose el resto de contenidos que el Usuario haya publicado en el Sitio Web.<\/p>\n<h4><a name=\"10\"><\/a>10.\u00a0Derechos del interesado y reclamaciones<\/h4>\n<p style=\"text-align: justify;\">El Usuario puede ejercitar sus derechos de acceso, rectificaci\u00f3n, supresi\u00f3n, portabilidad, limitaci\u00f3n y\/u oposici\u00f3n al tratamiento.<\/p>\n<p style=\"text-align: justify;\">Estos derechos pueden hacerse efectivos mediante la propia configuraci\u00f3n del Sitio Web. En caso de problemas para la realizaci\u00f3n efectiva online as\u00ed como para cualquier tipo de duda o controversia respecto a nuestra pol\u00edtica de protecci\u00f3n de datos se podr\u00e1n dirigir directamente a PVF Ventures, S.L. (Unipersonal) (PerfectVenue.es) &#8211; Calle Teruel, 3, 28231, Las Rozas, Madrid o bien a trav\u00e9s de nuestro correo electr\u00f3nico: info@wedding-vendors.perfectvenue.es\u00a0indicando el asunto de referencia.<\/p>\n<h4><a name=\"11\"><\/a>11.\u00a0Datos de menores<\/h4>\n<p style=\"text-align: justify;\">La inserci\u00f3n en el Sitio Web de datos personales de menores de edad y, en particular, de su imagen, implica la manifestaci\u00f3n expresa y sin reservas del Usuario que los inserta de:<\/p>\n<ul class=\"list-bullet mt10 mb20\" style=\"text-align: justify;\">\n<li class=\"mt5\">Que es titular de los derechos necesarios para utilizar los datos o la imagen del menor de edad.<\/li>\n<li class=\"mt5\">Que la inserci\u00f3n de los indicados datos no perjudica en modo alguno al menor ni vulnera ninguno de sus derechos.<\/li>\n<li class=\"mt5\">Que exonera expresamente a PerfectVenue.es de cualquier posible reclamaci\u00f3n derivada de este hecho, asumiendo el Usuario que insert\u00f3 la informaci\u00f3n la responsabilidad \u00edntegra que resulte de dicha reclamaci\u00f3n.<\/li>\n<\/ul>\n<p style=\"text-align: justify;\">Respecto al tratamiento de datos personales de los menores y a la libre circulaci\u00f3n de estos datos, la Directiva 95\/46\/CE, de 24 de octubre de 1995, en su art\u00edculo 17 menciona que debe prestarse una especial atenci\u00f3n y cuidado en relaci\u00f3n con los datos de los ni\u00f1os y de conformidad con dicha Directiva, el Sitio Web cumple con los principios sobre la calidad de los datos, la legitimidad del tratamiento de datos, seguridad de datos y los derechos del interesado.<\/p>\n<h4><a name=\"12\"><\/a>12.\u00a0Seguridad<\/h4>\n<p style=\"text-align: justify;\">PerfectVenue.es pone en conocimiento de los Usuarios que ha adoptado las medidas de \u00edndole t\u00e9cnica y organizativas reglamentariamente establecidas, que garantizan la seguridad de los datos de car\u00e1cter personal y evitan su alteraci\u00f3n, p\u00e9rdida, tratamiento o acceso no autorizado, habida cuenta del estado de la tecnolog\u00eda, la naturaleza de los datos almacenados y los riesgos a que est\u00e9n expuestos.<\/p>\n<h4><a name=\"13\"><\/a>13.\u00a0Cookies e IPs<\/h4>\n<p style=\"text-align: justify;\">El Usuario acepta el uso de cookies y seguimientos de IPs.<\/p>\n<p style=\"text-align: justify;\">Nuestro analizador de tr\u00e1fico del site utiliza cookies y seguimientos de IPs que nos permiten recoger datos a efectos estad\u00edsticos como: fecha de la primera visita, n\u00famero de veces que se ha visitado, fecha de la \u00faltima visita, URL y dominio de la que proviene, explorador utilizado y resoluci\u00f3n de la pantalla. No obstante, el usuario si lo desea puede desactivar y\/o eliminar estas cookies siguiendo las instrucciones de su navegador de Internet.<\/p>\n<h4><a name=\"14\"><\/a>14.\u00a0Contacto<\/h4>\n<p style=\"text-align: justify;\">Se podr\u00e1 contactar con PerfectVenue.es a trav\u00e9s de la direcci\u00f3n electr\u00f3nica y postal indicadas anteriormente, as\u00ed como a trav\u00e9s de llamada telef\u00f3nica al n\u00famero de tel\u00e9fono indicado en las Condiciones Generales de Uso.<\/p>\n<p style=\"text-align: justify;\">En caso de realizar una llamada telef\u00f3nica, PerfectVenue.es le informa que su llamada podr\u00e1 ser grabada por motivos de calidad del servicio y seguimiento de la resoluci\u00f3n de incidencias.<\/p>\n<p><\/p>","protected":false},"excerpt":{"rendered":"<p>La presente pol\u00edtica de protecci\u00f3n de datos de car\u00e1cter personal regula el acceso y el uso de los servicios contenidos en el Sitio Web por parte de los Usuarios como titulares de datos susceptibles de protecci\u00f3n, de conformidad con la normativa vigente de protecci\u00f3n de datos de car\u00e1cter personal. PerfectVenue.es cumple \u00edntegramente con la legislaci\u00f3n [&hellip;]<\/p>\n","protected":false},"author":1,"featured_media":27986,"parent":0,"menu_order":0,"comment_status":"closed","ping_status":"closed","template":"","meta":{"footnotes":""},"class_list":["post-11146","page","type-page","status-publish","has-post-thumbnail","hentry"],"_links":{"self":[{"href":"https:\/\/vendors.perfectvenue.es\/es\/wp-json\/wp\/v2\/pages\/11146"}],"collection":[{"href":"https:\/\/vendors.perfectvenue.es\/es\/wp-json\/wp\/v2\/pages"}],"about":[{"href":"https:\/\/vendors.perfectvenue.es\/es\/wp-json\/wp\/v2\/types\/page"}],"author":[{"embeddable":true,"href":"https:\/\/vendors.perfectvenue.es\/es\/wp-json\/wp\/v2\/users\/1"}],"replies":[{"embeddable":true,"href":"https:\/\/vendors.perfectvenue.es\/es\/wp-json\/wp\/v2\/comments?post=11146"}],"version-history":[{"count":0,"href":"https:\/\/vendors.perfectvenue.es\/es\/wp-json\/wp\/v2\/pages\/11146\/revisions"}],"wp:featuredmedia":[{"embeddable":true,"href":"https:\/\/vendors.perfectvenue.es\/es\/wp-json\/wp\/v2\/media\/27986"}],"wp:attachment":[{"href":"https:\/\/vendors.perfectvenue.es\/es\/wp-json\/wp\/v2\/media?parent=11146"}],"curies":[{"name":"wp","href":"https:\/\/api.w.org\/{rel}","templated":true}]}}